{"id":1259,"date":"2025-05-13T08:59:27","date_gmt":"2025-05-13T06:59:27","guid":{"rendered":"https:\/\/ampega.org\/?page_id=1259"},"modified":"2025-08-19T10:53:44","modified_gmt":"2025-08-19T08:53:44","slug":"blog-y-prensa","status":"publish","type":"page","link":"https:\/\/ampega.org\/gl\/blog-y-prensa\/","title":{"rendered":"Blog y prensa"},"content":{"rendered":"<div data-elementor-type=\"wp-page\" data-elementor-id=\"1259\" class=\"elementor elementor-1259\" data-elementor-post-type=\"page\">\n\t\t\t\t<div class=\"elementor-element elementor-element-7ae8a0b e-flex e-con-boxed e-con e-parent\" data-id=\"7ae8a0b\" data-element_type=\"container\">\n\t\t\t\t\t<div class=\"e-con-inner\">\n\t\t\t\t<div class=\"elementor-element elementor-element-25ddf0c elementor-widget elementor-widget-heading\" data-id=\"25ddf0c\" data-element_type=\"widget\" data-widget_type=\"heading.default\">\n\t\t\t\t<div class=\"elementor-widget-container\">\n\t\t\t<h2 class=\"elementor-heading-title elementor-size-default\">\u00a1\u00daltimas noticias!<\/h2>\t\t<\/div>\n\t\t\t\t<\/div>\n\t\t\t\t<div class=\"elementor-element elementor-element-170abc9 elementor-widget-divider--view-line elementor-widget elementor-widget-divider\" data-id=\"170abc9\" data-element_type=\"widget\" data-widget_type=\"divider.default\">\n\t\t\t\t<div class=\"elementor-widget-container\">\n\t\t\t\t\t<div class=\"elementor-divider\">\n\t\t\t<span class=\"elementor-divider-separator\">\n\t\t\t\t\t\t<\/span>\n\t\t<\/div>\n\t\t\t\t<\/div>\n\t\t\t\t<\/div>\n\t\t\t\t<div class=\"elementor-element elementor-element-85f8716 elementor-widget elementor-widget-text-editor\" data-id=\"85f8716\" data-element_type=\"widget\" data-widget_type=\"text-editor.default\">\n\t\t\t\t<div class=\"elementor-widget-container\">\n\t\t\t\t\t\t\t<p>No te pierdas las <b>noticias m\u00e1s importantes, novedades y art\u00edculos de inter\u00e9s <\/b>que seguro que te interesan.<\/p>\t\t\t\t\t\t<\/div>\n\t\t\t\t<\/div>\n\t\t\t\t\t<\/div>\n\t\t\t\t<\/div>\n\t\t<div class=\"elementor-element elementor-element-e4e5970 e-flex e-con-boxed e-con e-parent\" data-id=\"e4e5970\" data-element_type=\"container\">\n\t\t\t\t\t<div class=\"e-con-inner\">\n\t\t\t\t<div class=\"elementor-element elementor-element-ce117f3 elementor-grid-4 elementor-grid-tablet-2 elementor-grid-mobile-1 elementor-posts--thumbnail-top elementor-widget elementor-widget-posts\" data-id=\"ce117f3\" data-element_type=\"widget\" data-settings=\"{&quot;classic_columns&quot;:&quot;4&quot;,&quot;classic_columns_tablet&quot;:&quot;2&quot;,&quot;classic_columns_mobile&quot;:&quot;1&quot;,&quot;classic_row_gap&quot;:{&quot;unit&quot;:&quot;px&quot;,&quot;size&quot;:35,&quot;sizes&quot;:[]},&quot;classic_row_gap_tablet&quot;:{&quot;unit&quot;:&quot;px&quot;,&quot;size&quot;:&quot;&quot;,&quot;sizes&quot;:[]},&quot;classic_row_gap_mobile&quot;:{&quot;unit&quot;:&quot;px&quot;,&quot;size&quot;:&quot;&quot;,&quot;sizes&quot;:[]}}\" data-widget_type=\"posts.classic\">\n\t\t\t\t<div class=\"elementor-widget-container\">\n\t\t\t\t\t<div class=\"elementor-posts-container elementor-posts elementor-posts--skin-classic elementor-grid\">\n\t\t\t\t<article class=\"elementor-post elementor-grid-item post-1651 post type-post status-publish format-standard has-post-thumbnail hentry category-blog\">\n\t\t\t\t<a class=\"elementor-post__thumbnail__link\" href=\"https:\/\/ampega.org\/gl\/conoce-las-ayudas-y-subvenciones-para-emprendedoras\/\" tabindex=\"-1\" >\n\t\t\t<div class=\"elementor-post__thumbnail\"><img fetchpriority=\"high\" decoding=\"async\" width=\"300\" height=\"300\" src=\"https:\/\/ampega.org\/wp-content\/uploads\/2025\/02\/Fotos-web-AMPEGA-300x300.png\" class=\"attachment-medium size-medium wp-image-1112\" alt=\"\" srcset=\"https:\/\/ampega.org\/wp-content\/uploads\/2025\/02\/Fotos-web-AMPEGA-300x300.png 300w, https:\/\/ampega.org\/wp-content\/uploads\/2025\/02\/Fotos-web-AMPEGA-150x150.png 150w, https:\/\/ampega.org\/wp-content\/uploads\/2025\/02\/Fotos-web-AMPEGA-768x768.png 768w, https:\/\/ampega.org\/wp-content\/uploads\/2025\/02\/Fotos-web-AMPEGA-12x12.png 12w, https:\/\/ampega.org\/wp-content\/uploads\/2025\/02\/Fotos-web-AMPEGA-600x600.png 600w, https:\/\/ampega.org\/wp-content\/uploads\/2025\/02\/Fotos-web-AMPEGA-100x100.png 100w, https:\/\/ampega.org\/wp-content\/uploads\/2025\/02\/Fotos-web-AMPEGA.png 1024w\" sizes=\"(max-width: 300px) 100vw, 300px\" \/><\/div>\n\t\t<\/a>\n\t\t\t\t<div class=\"elementor-post__text\">\n\t\t\t\t<h3 class=\"elementor-post__title\">\n\t\t\t<a href=\"https:\/\/ampega.org\/gl\/conoce-las-ayudas-y-subvenciones-para-emprendedoras\/\" >\n\t\t\t\tConoce las ayudas y subvenciones para emprendedoras\t\t\t<\/a>\n\t\t<\/h3>\n\t\t\t\t<div class=\"elementor-post__excerpt\">\n\t\t\t<p>\u00bfEst\u00e1s buscando una oportunidad para impulsar tu proyecto o iniciar uno nuevo?\u00a1Tenemos buenas noticias! Si eres mujer emprendedora y est\u00e1s en Galicia, existen varias ayudas y subvenciones que pueden ser<\/p>\n\t\t<\/div>\n\t\t\t\t\t<div class=\"elementor-post__read-more-wrapper\">\n\t\t\n\t\t<a class=\"elementor-post__read-more\" href=\"https:\/\/ampega.org\/gl\/conoce-las-ayudas-y-subvenciones-para-emprendedoras\/\" aria-label=\"Read more about Conoce las ayudas y subvenciones para emprendedoras\" tabindex=\"-1\" >\n\t\t\tLeer m\u00e1s \u00bb\t\t<\/a>\n\n\t\t\t\t\t<\/div>\n\t\t\t\t<\/div>\n\t\t\t\t<\/article>\n\t\t\t\t<\/div>\n\t\t\n\t\t\t\t<\/div>\n\t\t\t\t<\/div>\n\t\t\t\t\t<\/div>\n\t\t\t\t<\/div>\n\t\t\t\t<\/div>","protected":false},"excerpt":{"rendered":"<p>\u00a1\u00daltimas noticias! No te pierdas las noticias m\u00e1s importantes, novedades y art\u00edculos de inter\u00e9s que seguro que te interesan.<\/p>","protected":false},"author":1,"featured_media":0,"parent":0,"menu_order":0,"comment_status":"closed","ping_status":"closed","template":"","meta":{"footnotes":""},"class_list":["post-1259","page","type-page","status-publish","hentry"],"_links":{"self":[{"href":"https:\/\/ampega.org\/gl\/wp-json\/wp\/v2\/pages\/1259","targetHints":{"allow":["GET"]}}],"collection":[{"href":"https:\/\/ampega.org\/gl\/wp-json\/wp\/v2\/pages"}],"about":[{"href":"https:\/\/ampega.org\/gl\/wp-json\/wp\/v2\/types\/page"}],"author":[{"embeddable":true,"href":"https:\/\/ampega.org\/gl\/wp-json\/wp\/v2\/users\/1"}],"replies":[{"embeddable":true,"href":"https:\/\/ampega.org\/gl\/wp-json\/wp\/v2\/comments?post=1259"}],"version-history":[{"count":26,"href":"https:\/\/ampega.org\/gl\/wp-json\/wp\/v2\/pages\/1259\/revisions"}],"predecessor-version":[{"id":1766,"href":"https:\/\/ampega.org\/gl\/wp-json\/wp\/v2\/pages\/1259\/revisions\/1766"}],"wp:attachment":[{"href":"https:\/\/ampega.org\/gl\/wp-json\/wp\/v2\/media?parent=1259"}],"curies":[{"name":"wp","href":"https:\/\/api.w.org\/{rel}","templated":true}]}}