{"id":1705,"date":"2025-10-01T13:30:41","date_gmt":"2025-10-01T11:30:41","guid":{"rendered":"https:\/\/ampega.org\/?page_id=1705"},"modified":"2025-10-01T13:37:04","modified_gmt":"2025-10-01T11:37:04","slug":"alba-gonzalez","status":"publish","type":"page","link":"https:\/\/ampega.org\/gl\/alba-gonzalez\/","title":{"rendered":"Alba Gonz\u00e1lez"},"content":{"rendered":"<div data-elementor-type=\"wp-page\" data-elementor-id=\"1705\" class=\"elementor elementor-1705\" data-elementor-post-type=\"page\">\n\t\t\t\t<div class=\"elementor-element elementor-element-bd21fed e-flex e-con-boxed e-con e-parent\" data-id=\"bd21fed\" data-element_type=\"container\">\n\t\t\t\t\t<div class=\"e-con-inner\">\n\t\t\t\t<div class=\"elementor-element elementor-element-041d429 elementor-widget-divider--view-line elementor-widget elementor-widget-divider\" data-id=\"041d429\" data-element_type=\"widget\" data-widget_type=\"divider.default\">\n\t\t\t\t<div class=\"elementor-widget-container\">\n\t\t\t\t\t<div class=\"elementor-divider\">\n\t\t\t<span class=\"elementor-divider-separator\">\n\t\t\t\t\t\t<\/span>\n\t\t<\/div>\n\t\t\t\t<\/div>\n\t\t\t\t<\/div>\n\t\t\t\t<div class=\"elementor-element elementor-element-9ad99fc elementor-widget elementor-widget-heading\" data-id=\"9ad99fc\" data-element_type=\"widget\" data-widget_type=\"heading.default\">\n\t\t\t\t<div class=\"elementor-widget-container\">\n\t\t\t<h2 class=\"elementor-heading-title elementor-size-default\">Conoce a Alba Gonz\u00e1lez<\/h2>\t\t<\/div>\n\t\t\t\t<\/div>\n\t\t\t\t<div class=\"elementor-element elementor-element-b6c6112 elementor-widget-divider--view-line elementor-widget elementor-widget-divider\" data-id=\"b6c6112\" data-element_type=\"widget\" data-widget_type=\"divider.default\">\n\t\t\t\t<div class=\"elementor-widget-container\">\n\t\t\t\t\t<div class=\"elementor-divider\">\n\t\t\t<span class=\"elementor-divider-separator\">\n\t\t\t\t\t\t<\/span>\n\t\t<\/div>\n\t\t\t\t<\/div>\n\t\t\t\t<\/div>\n\t\t\t\t<div class=\"elementor-element elementor-element-02d0fe5 elementor-widget elementor-widget-text-editor\" data-id=\"02d0fe5\" data-element_type=\"widget\" data-widget_type=\"text-editor.default\">\n\t\t\t\t<div class=\"elementor-widget-container\">\n\t\t\t\t\t\t\t<p><strong>Alba Gonz\u00e1lez Maneiro<\/strong> es pedagoga, mentora estrat\u00e9gica y consultora de marca personal especializada en acompa\u00f1ar a mujeres emprendedoras. Su misi\u00f3n es ayudarles a construir negocios s\u00f3lidos, aut\u00e9nticos y alineados con su estilo de vida, combinando un enfoque pr\u00e1ctico con una visi\u00f3n cercana y humana. Alba apoya en la profesionalizaci\u00f3n de proyectos, la definici\u00f3n clara de propuestas de valor y la comunicaci\u00f3n aut\u00e9ntica y efectiva. Adem\u00e1s, es la creadora del podcast El lunes emprendo, un espacio donde comparte reflexiones estrat\u00e9gicas y cr\u00edticas sobre los desaf\u00edos del emprendimiento femenino desde una perspectiva muy cercana y real.<\/p>\t\t\t\t\t\t<\/div>\n\t\t\t\t<\/div>\n\t\t\t\t<div class=\"elementor-element elementor-element-89c8f47 elementor-widget elementor-widget-image\" data-id=\"89c8f47\" data-element_type=\"widget\" data-widget_type=\"image.default\">\n\t\t\t\t<div class=\"elementor-widget-container\">\n\t\t\t\t\t\t\t\t\t\t\t\t\t<img fetchpriority=\"high\" decoding=\"async\" width=\"800\" height=\"534\" src=\"https:\/\/ampega.org\/wp-content\/uploads\/2025\/10\/foto-para-blog-1024x683.jpeg\" class=\"attachment-large size-large wp-image-1707\" alt=\"\" srcset=\"https:\/\/ampega.org\/wp-content\/uploads\/2025\/10\/foto-para-blog-1024x683.jpeg 1024w, https:\/\/ampega.org\/wp-content\/uploads\/2025\/10\/foto-para-blog-300x200.jpeg 300w, https:\/\/ampega.org\/wp-content\/uploads\/2025\/10\/foto-para-blog-768x512.jpeg 768w, https:\/\/ampega.org\/wp-content\/uploads\/2025\/10\/foto-para-blog-1536x1024.jpeg 1536w, https:\/\/ampega.org\/wp-content\/uploads\/2025\/10\/foto-para-blog-2048x1365.jpeg 2048w, https:\/\/ampega.org\/wp-content\/uploads\/2025\/10\/foto-para-blog-18x12.jpeg 18w, https:\/\/ampega.org\/wp-content\/uploads\/2025\/10\/foto-para-blog-600x400.jpeg 600w\" sizes=\"(max-width: 800px) 100vw, 800px\" \/>\t\t\t\t\t\t\t\t\t\t\t\t\t<\/div>\n\t\t\t\t<\/div>\n\t\t\t\t<div class=\"elementor-element elementor-element-a632357 elementor-widget elementor-widget-text-editor\" data-id=\"a632357\" data-element_type=\"widget\" data-widget_type=\"text-editor.default\">\n\t\t\t\t<div class=\"elementor-widget-container\">\n\t\t\t\t\t\t\t<p>\u00abSoy Alba Gonz\u00e1lez, mentora de emprendedoras y te ayudo a<br \/>convertir tu emprendimiento estancado en un negocio que funcione, un<br \/>negocio de verdad\u00bb<\/p>\t\t\t\t\t\t<\/div>\n\t\t\t\t<\/div>\n\t\t\t\t<div class=\"elementor-element elementor-element-aa725ab elementor-widget elementor-widget-text-editor\" data-id=\"aa725ab\" data-element_type=\"widget\" data-widget_type=\"text-editor.default\">\n\t\t\t\t<div class=\"elementor-widget-container\">\n\t\t\t\t\t\t\t<p><strong>Para quienes a\u00fan no te conocen, \u00bfc\u00f3mo te presentar\u00edas en pocas palabras?<\/strong><\/p><p>Iba a empezar separando mi parte profesional de la personal pero la verdad es que no creo que pueda as\u00ed que me defino como una mentora estratega sin filtros, divertida, con mucha estructura en mi cabeza que intento comunicar siempre desde el coraz\u00f3n. <br \/>Siempre he dicho que soy una persona que habla bajito pero escucha muy alto y mi objetivo en la vida es pon\u00e9rtelo f\u00e1cil (con tu emprendimiento, claro).<\/p><p>Quiero cambiar el paradigma emprendendor, consiguiendo que todas las mujeres que quieran emprender construyan negocios sostenibles, aut\u00e9nticos y coherentes con su estilo de vida, tomando decisiones estrat\u00e9gicas sin sentirse abrumadas y de manera f\u00e1cil y amable.<\/p><p><strong>Eres pedagoga y te mueves con soltura en el mundo del marketing y la estrategia. \u00bfC\u00f3mo conectas ambas \u00e1reas en tu trabajo actual?<\/strong><\/p><p>Me encanta esta pregunta porque cuando cuento que vengo de la pedagog\u00eda suele haber siempre una cara rara a continuaci\u00f3n.<br \/>Creo que supe desde muy joven que la oratoria se me daba bien as\u00ed que para mi especializarme en procesos de formaci\u00f3n cuando hice pedagog\u00eda era el camino l\u00f3gico.<br \/>Despu\u00e9s emprend\u00ed y como yo soy defensora absoluta de que la educaci\u00f3n es siempre la soluci\u00f3n me form\u00e9 y especialic\u00e9 en direcci\u00f3n y gesti\u00f3n de empresas y marketing digital y ah\u00ed fue cuando me di cuenta de que quien ense\u00f1aba esto o bien estaban obsoletos o utilizaban un lenguaje que no entend\u00eda nadie que no viniera del mundo empresarial, como yo en ese momento.<br \/>Aun\u00e9 esto y mi experiencia emprendedora junto con mi expertise en impartir formaci\u00f3n y de ah\u00ed naci\u00f3 la Alba mentora.<br \/>Para mi tiene todo el sentido que quien te ense\u00f1e de marketing y estrategia tenga experiencia y sea buena o bueno en impartir formaci\u00f3n, experta en ense\u00f1ar. Adem\u00e1s para mi es un gran valor a\u00f1adido porque la realidad es que normalmente te encuentras expertos en una cosa o en la otra, por eso creo que la combinaci\u00f3n de estos dos mundos o estas dos \u00e1reas es la leche.<\/p><p><strong>Acompa\u00f1as a mujeres que quieren vivir de su proyecto. \u00bfQu\u00e9 te llev\u00f3 a especializarte en este tipo de acompa\u00f1amiento tan personalizado y consciente?<\/strong><\/p><p>En primer lugar, mi experiencia propia. Yo soy una mujer empresaria y la mayor\u00eda de acompa\u00f1amiento y formaci\u00f3n que he recibido en el \u00e1mbito ha sido en entornos masculinos o masculinizados.<\/p><p>Te ense\u00f1an a ser un shark de manual aunque no sea tu estilo o no te apetezca serlo y te dicen que en los negocios para triunfar has de hacer eso.<\/p><p>Yo prefiero ser yo misma con mis objetivos, estando c\u00f3moda en el lugar que yo me mueva, con ambici\u00f3n alta pero sin olvidar mis valores y creo que por falta de referentes femeninos en puestos de poder nos hemos intentado encorsetar en un estilo de \u201cser empresaria\u201d que no siempre encaja con lo que nosotras queremos y por eso creo que muchas veces nos rendimos pensando en \u201cesto no es para mi\u201d. O eso o nos vamos a todo lo contrario, a casi dejar en manos del azar nuestros negocios, y eso tampoco puede ser.<\/p><p>Mi enfoque es desde el conocimiento porque tenerlo es lo que nos har\u00e1 tomar mejores decisiones.<\/p><p>Trabajar con mujeres en principio fue una casualidad, mi cartera de clientas era en un 98% femenina en 2020 y yo era feliz con eso, as\u00ed que por eso, como me gusta hacer cosas que me hagan feliz, trabajo 100% con mujeres aportando espacios para que nosotras tambi\u00e9n hagamos y hablemos de negocios.<\/p><p><strong>\u00bfCu\u00e1l ha sido uno de los momentos m\u00e1s retadores desde que decidiste emprender en solitario? \u00bfY uno que te haya hecho sentir orgullo o plenitud profesional?<\/strong><\/p><p>\u201cEmprender en solitario\u201d para mi tiene matices porque por suerte yo siempre he tenido un entorno que me ha apoyado en todo lo que yo decidiera.<\/p><p>Es cierto que viniendo de una familia donde todos eran funcionarios menos la ni\u00f1a, que decide estudiar pedagog\u00eda cuando todo el mundo cre\u00eda que eso era lo de los pies, y encima luego hacerse aut\u00f3noma, creo que ha supuesto un gran reto para este entorno que siempre se ha mantenido firme en apoyarme aunque de vez en cuando un \u201cporque no preparas una oposici\u00f3n\u201d tambi\u00e9n ha ca\u00eddo, no te voy a enga\u00f1ar.<\/p><p>Creo que el sistema es solitario y creo que todav\u00eda queda mucho camino por recorrer en cuanto a c\u00f3mo vemos a la competencia. <br \/>Recuerdo cuando mont\u00e9 mi primera empresa yo escrib\u00eda a otras empresas vecinas, incluso que hac\u00edan cosas similares a lo que yo hac\u00eda y les propon\u00eda colaborar pero despu\u00e9s de la propuesta hab\u00eda silencio absoluto. Incluso, recuerdo perfectamente un caso en el que coment\u00e9 hacer algo juntas como empresas afines y proponer la propuesta al ayuntamiento de nuestra ciudad, decirme un \u201cya hablaremos\u201d y al poco tiempo enterarme de que hab\u00edan hecho esa propuesta en solitario.<\/p><p>Creo que no entendemos el tejido empresarial como deber\u00edamos entenderlo, se parece m\u00e1s al sistema opositor de pisar al de al lado para llegar m\u00e1s lejos t\u00fa y esto, sigo diciendo, es una postura totalmente err\u00f3nea.<\/p><p>As\u00ed que mantenerme firme en mis ideales empresariales me hace sentir muy orgullosa, haber cumplido un sue\u00f1o empresarial por el que poca gente apostaba tambi\u00e9n, pero sobretodo, lo que me hace sentir mejor, es ver c\u00f3mo mis clientas consiguen cumplir los suyos igual que hice yo gracias a mi acompa\u00f1amiento y a su compromiso.<\/p><p><strong>\u00bfQu\u00e9 es lo que m\u00e1s te entusiasma de ayudar a una emprendedora a estructurar su negocio?<\/strong><\/p><p>Lo que m\u00e1s me entusiasma y adem\u00e1s me encanta es ver su expresi\u00f3n al finalizar la sesi\u00f3n. Esa sensaci\u00f3n de \u201c\u00a1ah, era esto!\u201d es una de mis cosas favoritas.<\/p><p>Pero sobretodo, el poder facilitar la creaci\u00f3n de un negocio a medida de la persona y no al rev\u00e9s, el poder hacer hincapi\u00e9 en que es un proceso, no va de facturar mucho en 1 mes y luego \u00bfqu\u00e9? Es de las cosas que m\u00e1s me gustan.<\/p><p><strong>Trabajas con mujeres que tienen proyectos en marcha pero que buscan orden, foco y estrategia. \u00bfQu\u00e9 tipo de servicios ofreces actualmente y c\u00f3mo es tu acompa\u00f1amiento?<\/strong><\/p><p>Ahora mismo puedo decir feliz que he creado la primera App de negocios para emprendedoras que incluye formaci\u00f3n semanal, tendencias de negocios y una comunidad maravillosa para mujeres que quieran construir negocios de verdad y hablar sin filtro sobre ellos. Se llama El Astillero, Women doing business.<\/p><p>Tambi\u00e9n sigo ofreciendo acompa\u00f1amiento 1:1 con mujeres que tienen problemas concretos en su negocio, estas sesiones se llaman Claridad y Foco y en ellas trabajamos juntas durante uno o dos meses. S\u00f3lo trabajo con 4 mujeres al mismo tiempo porque me convierto pr\u00e1cticamente en su socia.<\/p><p>Y por \u00faltimo, mi programa grupal ha evolucionado en un programa fantas\u00eda que hago junto a otras dos mentoras y que es maravilloso, se llama EmpowerHer Club y la verdad que es un sue\u00f1o hecho realidad. Una comunidad de mujeres con las que trabajamos 3 meses distintos \u00e1mbitos de su negocio: brand&amp;social, negocio, productividad y gesti\u00f3n del tiempo, mentalidad y donde tambi\u00e9n les ense\u00f1amos a hacer networking dentro del club y fuera.<\/p><p><strong>Has dicho que ayudas a profesionalizar negocios \u201csin perder el alma del proyecto\u201d. \u00bfQu\u00e9 significa esto para ti en la pr\u00e1ctica?<\/strong><\/p><p>No perder la coherencia entre lo que t\u00fa eres y lo que quieres construir.<\/p><p>Mi objetivo es cambiar el paradigma emprendedor femenino, que dejemos de sentir que tenemos que ser y hacer X porque nos venga impuesto y que empecemos a preguntarnos \u201cesto que hago, \u00bfme lleva a la vida que quiero vivir?\u201d y desde ah\u00ed tomar decisiones.<\/p><p>Esto se lo digo a mis clientas y me lo recuerdo a mi de vez en cuando, porque nos metemos en esa rueda de la rata que no nos lleva a ning\u00fan lado y nos perdemos.<br \/>Yo he estado perdida y eso no es nada agradable, as\u00ed que emprender con coherencia es la salvaci\u00f3n.<\/p><p><strong>\u00bfQu\u00e9 herramientas o metodolog\u00edas sueles usar para ayudar a una emprendedora a ganar claridad y rumbo?<\/strong><\/p><p>Cuando alguien decide trabajar conmigo lo primero que hago es pedirles que cubran una ficha de alumna muy extensa que a mi me ayuda a hacer la primera auditor\u00eda de negocio en base al problema que tienen.<\/p><p>Conocer su estado actual, lo que quieren conseguir, c\u00f3mo hablan, con qu\u00e9 sue\u00f1an me ayuda much\u00edsimo a poder conocerlas bien a ellas y de verdad que esto es el secreto del \u00e9xito.<\/p><p>Pocas mentoras hay que puedas decir que te conocen bien a ti y a tu proyecto y yo puedo decir que conozco muy bien a mis clientas.<\/p><p>Y luego, creo que lo que m\u00e1s valoran mis clientas es que de cada sesi\u00f3n nos vamos con un plan de acci\u00f3n o reto semanal para que profundicen en lo trabajado, no es teor\u00eda y ya, y durante la semana ellas tienen apoyo y seguimiento en este plan de acci\u00f3n a golpe de chat. <br \/>Me llaman la reina de los tutoriales porque creo que siempre hay un tutorial para todo y yo te lo preparo en 5 minutos.<\/p><p><strong>Tu forma de comunicar transmite cercan\u00eda, claridad y honestidad. \u00bfQu\u00e9 valores son no negociables para ti en lo profesional?<\/strong><\/p><p>Me encanta que me dig\u00e1is eso porque justo esos 3 son valores innegociables, as\u00ed que si es lo que se transmite el objetivo est\u00e1 conseguido.<\/p><p>A\u00f1adir\u00eda uno, que no s\u00e9 si ser\u00eda un valor o m\u00e1s bien el objetivo de uno de ellos y es la facilidad. Quiero que nos lo pongamos lo m\u00e1s f\u00e1cil posible que ya bastante complicado es todo.<\/p><p><strong>Muchas mujeres emprenden desde el caos, sin estructura. \u00bfQu\u00e9 consejo les dar\u00edas para empezar a ordenar su proyecto sin abrumarse?<\/strong><\/p><p>Lo primero, primerito que les dir\u00eda es que se paren a pensar en lo que quieren conseguir en 1, 3 y 5 a\u00f1os. S\u00f3lo teniendo la meta clara podr\u00e1n trazar un camino coherente.<\/p><p>Lo segundo y m\u00e1s pr\u00e1ctico, que se abran un Drive y se hagan estas carpetas: Finanzas, Proyectos, Marketing y Clientes. Y que ah\u00ed empiecen a estructurar su negocio de manera ordenada, cada cosa en su lugar, que se hagan un Mary Kondo en su empresa.<\/p><p><strong>\u00bfQu\u00e9 te motiv\u00f3 a unirte a AMPEGA y qu\u00e9 esperas encontrar en esta red de mujeres?<\/strong><\/p><p>De AMPEGA me encanta que me veo reflejada como empresaria tanto en el objetivo de la asociaci\u00f3n como entre las mujeres que la habitamos. Miras a tu alrededor y hay m\u00e1s Albas, empresarias que lideran sus negocios descalzas y, a veces, en ch\u00e1ndal.<\/p><p>No es f\u00e1cil encontrar esto en asociaciones de empresarias precisamente por lo que te contaba en alguna pregunta m\u00e1s arriba, cuando ocupamos puestos de empresarias nos convertimos en algo que no somos porque se supone que el perfil \u201cempresaria\u201d implica eso.<\/p><p>Eso no sucede en AMPEGA, aqu\u00ed estamos representadas mujeres profesionales y empresarias para poder escucharnos y aprender las unas de las otras, porque todav\u00eda tenemos que tener muchas conversaciones para ser mejores.<\/p><p><strong>\u00bfQu\u00e9 tipo de colaboraciones o conexiones est\u00e1s abierta a explorar ahora?<\/strong><\/p><p>Siempre estoy abierta a todas las conexiones que me se me planteen, las escucho todas y luego tomo decisiones en funci\u00f3n de mis objetivos y mi \u201capetencia\u201d en ese momento.<br \/>Me encantan las colaboraciones as\u00ed que siempre estoy abierta a ellas.<\/p><p><strong>\u00bfD\u00f3nde podemos encontrarte y seguir tu trabajo?<\/strong><br \/><br \/>En instagram: @soyalbagonzalez <br \/>En mi Newsletter: Cartas de CEO<br \/>En mi web: https:\/\/soyalbagonzalez.com\/<\/p><p><strong>Para concluir, nos encantar\u00eda que nos hablaras un poco m\u00e1s sobre tu podcast El lunes emprendo. \u00bfQu\u00e9 te motiv\u00f3 a crear esta iniciativa? \u00bfA qui\u00e9n va dirigido principalmente? \u00bfEn qu\u00e9 temas se centra? \u00bfQu\u00e9 esperas que las oyentes puedan llevarse despu\u00e9s de escucharlo?<\/strong><\/p><p>Ahora mismo el podcast est\u00e1 en standby porque me estoy centrando en ofrecer contenido de valor en mi membres\u00eda, pero la raz\u00f3n de ser de este podcast es que las mujeres se lleven ideas claras y accionables en p\u00edldoras cortitas, de 10-20 minutos en temas de emprendimiento femenino, planificaci\u00f3n y productividad, negocios y visibilidad.<\/p>\t\t\t\t\t\t<\/div>\n\t\t\t\t<\/div>\n\t\t\t\t\t<\/div>\n\t\t\t\t<\/div>\n\t\t\t\t<\/div>","protected":false},"excerpt":{"rendered":"<p>Conoce a Alba Gonz\u00e1lez Alba Gonz\u00e1lez Maneiro es pedagoga, mentora estrat\u00e9gica y consultora de marca personal especializada en acompa\u00f1ar a mujeres emprendedoras. Su misi\u00f3n es ayudarles a construir negocios s\u00f3lidos, aut\u00e9nticos y alineados con su estilo de vida, combinando un enfoque pr\u00e1ctico con una visi\u00f3n cercana y humana. Alba apoya en la profesionalizaci\u00f3n de proyectos, [&hellip;]<\/p>","protected":false},"author":1,"featured_media":0,"parent":0,"menu_order":0,"comment_status":"closed","ping_status":"closed","template":"","meta":{"footnotes":""},"class_list":["post-1705","page","type-page","status-publish","hentry"],"_links":{"self":[{"href":"https:\/\/ampega.org\/gl\/wp-json\/wp\/v2\/pages\/1705","targetHints":{"allow":["GET"]}}],"collection":[{"href":"https:\/\/ampega.org\/gl\/wp-json\/wp\/v2\/pages"}],"about":[{"href":"https:\/\/ampega.org\/gl\/wp-json\/wp\/v2\/types\/page"}],"author":[{"embeddable":true,"href":"https:\/\/ampega.org\/gl\/wp-json\/wp\/v2\/users\/1"}],"replies":[{"embeddable":true,"href":"https:\/\/ampega.org\/gl\/wp-json\/wp\/v2\/comments?post=1705"}],"version-history":[{"count":4,"href":"https:\/\/ampega.org\/gl\/wp-json\/wp\/v2\/pages\/1705\/revisions"}],"predecessor-version":[{"id":1710,"href":"https:\/\/ampega.org\/gl\/wp-json\/wp\/v2\/pages\/1705\/revisions\/1710"}],"wp:attachment":[{"href":"https:\/\/ampega.org\/gl\/wp-json\/wp\/v2\/media?parent=1705"}],"curies":[{"name":"wp","href":"https:\/\/api.w.org\/{rel}","templated":true}]}}