{"id":929,"date":"2025-02-03T11:24:12","date_gmt":"2025-02-03T10:24:12","guid":{"rendered":"https:\/\/ampega.org\/?page_id=929"},"modified":"2025-02-03T11:26:32","modified_gmt":"2025-02-03T10:26:32","slug":"aviso-legal","status":"publish","type":"page","link":"https:\/\/ampega.org\/gl\/aviso-legal\/","title":{"rendered":"AVISO LEGAL"},"content":{"rendered":"<div data-elementor-type=\"wp-page\" data-elementor-id=\"929\" class=\"elementor elementor-929\" data-elementor-post-type=\"page\">\n\t\t\t\t<div class=\"elementor-element elementor-element-af61dd8 e-flex e-con-boxed e-con e-parent\" data-id=\"af61dd8\" data-element_type=\"container\">\n\t\t\t\t\t<div class=\"e-con-inner\">\n\t\t\t\t<div class=\"elementor-element elementor-element-0880317 elementor-widget elementor-widget-text-editor\" data-id=\"0880317\" data-element_type=\"widget\" data-widget_type=\"text-editor.default\">\n\t\t\t\t<div class=\"elementor-widget-container\">\n\t\t\t\t\t\t\t<h2><strong>1. Identificaci\u00f3n de la Titular del Sitio Web<\/strong><\/h2>\n<p>En cumplimiento con lo dispuesto en el <strong>art\u00edculo 10 de la Ley 34\/2002, de 11 de julio, de Servicios de la Sociedad de la Informaci\u00f3n y del Comercio Electr\u00f3nico (LSSI-CE)<\/strong>, se informa que el presente sitio web, <strong><a href=\"https:\/\/ampega.org\/gl\/\" target=\"_new\" rel=\"noopener\">https:\/\/ampega.org\/<\/a><\/strong> (en adelante, el \u00abSitio Web\u00bb), es titularidad de:<\/p>\n<ul>\n<li><strong>Entidad:<\/strong> Asociaci\u00f3n de Mulleres Profesionais e Empresarias de Galicia (AMPEGA)<\/li>\n<li><strong>CIF:<\/strong>\u00a0G19743442<\/li>\n<li><strong>Domicilio social:<\/strong> Plaza Pontevedra, 10, 1\u00baA (15003, A Coru\u00f1a)<\/li>\n<li><strong>Correo electr\u00f3nico de contacto:<\/strong>\u00a0info@ampega.org<\/li>\n<li><strong>Registro:<\/strong> Inscrita en el Registro de Asociaciones de Galicia<\/li>\n<\/ul>\n<p>El acceso y uso de este Sitio Web atribuye la condici\u00f3n de <strong>Usuario<\/strong>, lo que implica la aceptaci\u00f3n plena y sin reservas de todas las disposiciones incluidas en este Aviso Legal.<\/p>\n<hr \/>\n<h2><strong>2. Condiciones de Uso<\/strong><\/h2>\n<p>El Usuario se compromete a hacer un uso adecuado del Sitio Web y de sus contenidos, respetando en todo momento la legislaci\u00f3n vigente. Queda prohibido el uso del Sitio Web con fines il\u00edcitos o que puedan causar da\u00f1o a AMPEGA o a terceros.<\/p>\n<p><strong>En particular, el Usuario se abstendr\u00e1 de:<\/strong><br \/><img decoding=\"async\" class=\"emoji\" role=\"img\" draggable=\"false\" src=\"https:\/\/s.w.org\/images\/core\/emoji\/15.0.3\/svg\/2705.svg\" alt=\"\u2705\" \/> Realizar actividades ilegales o contrarias a la buena fe y al orden p\u00fablico.<br \/><img decoding=\"async\" class=\"emoji\" role=\"img\" draggable=\"false\" src=\"https:\/\/s.w.org\/images\/core\/emoji\/15.0.3\/svg\/2705.svg\" alt=\"\u2705\" \/> Difundir contenidos racistas, xen\u00f3fobos, de apolog\u00eda del terrorismo o que atenten contra los derechos humanos.<br \/><img decoding=\"async\" class=\"emoji\" role=\"img\" draggable=\"false\" src=\"https:\/\/s.w.org\/images\/core\/emoji\/15.0.3\/svg\/2705.svg\" alt=\"\u2705\" \/> Provocar da\u00f1os en los sistemas inform\u00e1ticos de AMPEGA o de terceros.<br \/><img decoding=\"async\" class=\"emoji\" role=\"img\" draggable=\"false\" src=\"https:\/\/s.w.org\/images\/core\/emoji\/15.0.3\/svg\/2705.svg\" alt=\"\u2705\" \/> Reproducir, distribuir o modificar el contenido del Sitio Web sin autorizaci\u00f3n expresa.<\/p>\n<p>AMPEGA se reserva el derecho de denegar o retirar el acceso al Sitio Web a aquellos Usuarios que incumplan estas condiciones.<\/p>\n<hr \/>\n<h2><strong>3. Propiedad Intelectual e Industrial<\/strong><\/h2>\n<p>Todos los contenidos del Sitio Web (textos, im\u00e1genes, logotipos, gr\u00e1ficos, dise\u00f1o, c\u00f3digo fuente, etc.) est\u00e1n protegidos por derechos de <strong>propiedad intelectual e industrial<\/strong>, siendo titularidad de AMPEGA o de terceros con licencia para su uso.<\/p>\n<p><img decoding=\"async\" class=\"emoji\" role=\"img\" draggable=\"false\" src=\"https:\/\/s.w.org\/images\/core\/emoji\/15.0.3\/svg\/1f4cc.svg\" alt=\"\ud83d\udccc\" \/> <strong>Se permite:<\/strong><\/p>\n<ul>\n<li>La visualizaci\u00f3n de los contenidos del Sitio Web.<\/li>\n<li>La impresi\u00f3n o descarga de partes del contenido para uso personal y privado.<\/li>\n<\/ul>\n<p><img decoding=\"async\" class=\"emoji\" role=\"img\" draggable=\"false\" src=\"https:\/\/s.w.org\/images\/core\/emoji\/15.0.3\/svg\/1f6ab.svg\" alt=\"\ud83d\udeab\" \/> <strong>No se permite:<\/strong><\/p>\n<ul>\n<li>La reproducci\u00f3n, distribuci\u00f3n o modificaci\u00f3n de los contenidos sin autorizaci\u00f3n expresa de AMPEGA.<\/li>\n<li>La utilizaci\u00f3n de los contenidos para fines comerciales o il\u00edcitos.<\/li>\n<\/ul>\n<hr \/>\n<h2><strong>4. Responsabilidad y Exclusi\u00f3n de Garant\u00edas<\/strong><\/h2>\n<p>AMPEGA no se hace responsable de los da\u00f1os y perjuicios derivados del uso del Sitio Web, ni garantiza la disponibilidad y continuidad del mismo.<\/p>\n<p>No nos hacemos responsables de:<br \/><img decoding=\"async\" class=\"emoji\" role=\"img\" draggable=\"false\" src=\"https:\/\/s.w.org\/images\/core\/emoji\/15.0.3\/svg\/274c.svg\" alt=\"\u274c\" \/> Errores o inexactitudes en los contenidos.<br \/><img decoding=\"async\" class=\"emoji\" role=\"img\" draggable=\"false\" src=\"https:\/\/s.w.org\/images\/core\/emoji\/15.0.3\/svg\/274c.svg\" alt=\"\u274c\" \/> Interrupciones en el funcionamiento del Sitio Web.<br \/><img decoding=\"async\" class=\"emoji\" role=\"img\" draggable=\"false\" src=\"https:\/\/s.w.org\/images\/core\/emoji\/15.0.3\/svg\/274c.svg\" alt=\"\u274c\" \/> La presencia de virus o programas maliciosos.<br \/><img decoding=\"async\" class=\"emoji\" role=\"img\" draggable=\"false\" src=\"https:\/\/s.w.org\/images\/core\/emoji\/15.0.3\/svg\/274c.svg\" alt=\"\u274c\" \/> Enlaces a sitios web de terceros fuera de nuestro control.<\/p>\n<p>El Usuario asume bajo su responsabilidad el uso del Sitio Web.<\/p>\n<hr \/>\n<h2><strong>5. Enlaces a Terceros<\/strong><\/h2>\n<p>Este Sitio Web puede contener enlaces a sitios web de terceros con el fin de proporcionar informaci\u00f3n adicional o facilitar el acceso a determinados servicios. AMPEGA no asume ninguna responsabilidad por el contenido, pol\u00edticas de privacidad o pr\u00e1cticas de dichas p\u00e1ginas externas.<\/p>\n<hr \/>\n<h2><strong>6. Protecci\u00f3n de Datos Personales<\/strong><\/h2>\n<p>El tratamiento de los datos personales recabados a trav\u00e9s del Sitio Web se rige por lo establecido en nuestra <strong>Pol\u00edtica de Privacidad<\/strong>, en cumplimiento del <strong>Reglamento General de Protecci\u00f3n de Datos (RGPD) 2016\/679 de la UE<\/strong> y la <strong>Ley Org\u00e1nica 3\/2018, de Protecci\u00f3n de Datos Personales y Garant\u00eda de los Derechos Digitales (LOPDGDD)<\/strong>.<\/p>\n<p>Puedes consultar la <strong>Pol\u00edtica de Privacidad<\/strong> [<a href=\"https:\/\/ampega.org\/gl\/politica-privacidad\/\" target=\"_blank\" rel=\"noopener\">aqu\u00ed<\/a>].<\/p>\n<hr \/>\n<h2><strong>7. Legislaci\u00f3n Aplicable y Jurisdicci\u00f3n<\/strong><\/h2>\n<p>Este Aviso Legal se rige por la <strong>legislaci\u00f3n espa\u00f1ola<\/strong>. Para cualquier disputa o conflicto relacionado con el uso del Sitio Web, las partes se someten expresamente a la jurisdicci\u00f3n de los <strong>Juzgados y Tribunales de A Coru\u00f1a<\/strong>, renunciando a cualquier otro fuero que pudiera corresponderles.<\/p>\n<hr \/>\n<h2><strong>8. Modificaci\u00f3n del Aviso Legal<\/strong><\/h2>\n<p>AMPEGA se reserva el derecho de modificar en cualquier momento este Aviso Legal para adaptarlo a novedades legislativas o tecnol\u00f3gicas. Las modificaciones entrar\u00e1n en vigor desde su publicaci\u00f3n en el Sitio Web.<\/p>\n<hr \/>\n<h2><strong>9. Contacto<\/strong><\/h2>\n<p>Para cualquier duda o consulta sobre este Aviso Legal, puedes contactar con AMPEGA en:<\/p>\n<p><img decoding=\"async\" class=\"emoji\" role=\"img\" draggable=\"false\" src=\"https:\/\/s.w.org\/images\/core\/emoji\/15.0.3\/svg\/1f4e7.svg\" alt=\"\ud83d\udce7\" \/> <strong>Correo electr\u00f3nico:<\/strong> info@ampega.org<br \/><img decoding=\"async\" class=\"emoji\" role=\"img\" draggable=\"false\" src=\"https:\/\/s.w.org\/images\/core\/emoji\/15.0.3\/svg\/1f4cd.svg\" alt=\"\ud83d\udccd\" \/> <strong>Direcci\u00f3n:<\/strong> Plaza Pontevedra, 10, 1\u00baA (15003, A Coru\u00f1a)<\/p>\t\t\t\t\t\t<\/div>\n\t\t\t\t<\/div>\n\t\t\t\t\t<\/div>\n\t\t\t\t<\/div>\n\t\t\t\t<\/div>","protected":false},"excerpt":{"rendered":"<p>1. Identificaci\u00f3n de la Titular del Sitio Web En cumplimiento con lo dispuesto en el art\u00edculo 10 de la Ley 34\/2002, de 11 de julio, de Servicios de la Sociedad de la Informaci\u00f3n y del Comercio Electr\u00f3nico (LSSI-CE), se informa que el presente sitio web, https:\/\/ampega.org\/ (en adelante, el \u00abSitio Web\u00bb), es titularidad de: Entidad: [&hellip;]<\/p>","protected":false},"author":1,"featured_media":0,"parent":0,"menu_order":0,"comment_status":"closed","ping_status":"closed","template":"","meta":{"footnotes":""},"class_list":["post-929","page","type-page","status-publish","hentry"],"_links":{"self":[{"href":"https:\/\/ampega.org\/gl\/wp-json\/wp\/v2\/pages\/929","targetHints":{"allow":["GET"]}}],"collection":[{"href":"https:\/\/ampega.org\/gl\/wp-json\/wp\/v2\/pages"}],"about":[{"href":"https:\/\/ampega.org\/gl\/wp-json\/wp\/v2\/types\/page"}],"author":[{"embeddable":true,"href":"https:\/\/ampega.org\/gl\/wp-json\/wp\/v2\/users\/1"}],"replies":[{"embeddable":true,"href":"https:\/\/ampega.org\/gl\/wp-json\/wp\/v2\/comments?post=929"}],"version-history":[{"count":4,"href":"https:\/\/ampega.org\/gl\/wp-json\/wp\/v2\/pages\/929\/revisions"}],"predecessor-version":[{"id":933,"href":"https:\/\/ampega.org\/gl\/wp-json\/wp\/v2\/pages\/929\/revisions\/933"}],"wp:attachment":[{"href":"https:\/\/ampega.org\/gl\/wp-json\/wp\/v2\/media?parent=929"}],"curies":[{"name":"wp","href":"https:\/\/api.w.org\/{rel}","templated":true}]}}